{"id":168,"date":"2022-06-04T12:26:21","date_gmt":"2022-06-04T12:26:21","guid":{"rendered":"https:\/\/dcb.cunbm.utcluj.ro\/?page_id=168"},"modified":"2022-06-04T12:26:21","modified_gmt":"2022-06-04T12:26:21","slug":"evenimente","status":"publish","type":"page","link":"https:\/\/dcb.cunbm.utcluj.ro\/?page_id=168","title":{"rendered":"Evenimente"},"content":{"rendered":"\n<p><\/p>\n\n\n\n<p><\/p>\n\n\n\n<p><\/p>\n\n\n\n<p class=\"has-vivid-green-cyan-color has-text-color\"><strong>CONCURS COSTA 2021 &#8211; Alimente inovative<\/strong><\/p>\n\n\n\n<p>Edi\u021bia a XI-a a Concursului COSTA va consta \u00een prezentarea online a unui proiect care trateaz\u0103 un aliment inovativ. Edi\u021bia a XI-a a Concursul COSTA, va avea loc online \u00een data de 27 martie 2021, de la ora 11.00. Concursul COSTA 2021 dore\u0219te a fi un punct de pornire \u00een alegerea profesiei de \u201cInginer \u00een industria alimentar\u0103\u201d, profesie care joac\u0103 un rol esen\u021bial \u00een via\u021ba oamenilor \u00eembin\u00e2nd creativitatea \u0219i pasiunea cu abilit\u0103\u021bile tehnice \u0219i de antreprenoriat. Detalii despre acest concurs se gasesc\u00a0<a href=\"http:\/\/chimie-biologie.ubm.ro\/costa2021\/prezentare.html\">aici<\/a>.<\/p>\n\n\n\n<hr class=\"wp-block-separator\"\/>\n\n\n\n<p class=\"has-vivid-green-cyan-color has-text-color\"><strong>Concursul CONCURS BIOLOGIA DE DRAG<\/strong><\/p>\n\n\n\n<p>Prima edi\u021bie a Concursului &#8220;BIOLOGIA DE DRAG&#8221; va avea loc online \u00een data de 20 martie 2021, de la ora 9:00 pentru fiecare nivel de clasa. Concursul &#8220;BIOLOGIA DE DRAG&#8221; se adreseaz\u0103 elevilor din clasele VII -XII, care sunt pasiona\u021bi de biologia de performan\u021b\u0103 \u0219i sunt doritori de competi\u021bie. Detalii despre acest concurs se gasesc\u00a0<a href=\"http:\/\/chimie-biologie.ubm.ro\/biologiadedrag2021\/prezentare.html\">aici<\/a>.<\/p>\n\n\n\n<hr class=\"wp-block-separator\"\/>\n\n\n\n<p class=\"has-vivid-green-cyan-color has-text-color\"><strong>Concursul CONCURS CHIMIA DE DRAG<\/strong><\/p>\n\n\n\n<p>Prima edi\u021bie a Concursului &#8220;CHIMIA DE DRAG&#8221; va avea loc online \u00een data de 27 martie 2021, de la ora 9.00 pentru fiecare nivel de clasa. Concursul &#8220;CHIMIA DE DRAG&#8221; se adreseaz\u0103 elevilor din clasele VII -XII, care sunt pasiona\u021bi de chimia de performan\u021b\u0103 \u0219i sunt doritori de competi\u021bie. Detalii despre acest concurs se gasesc\u00a0<a href=\"http:\/\/chimie-biologie.ubm.ro\/chimiadedrag2021\/prezentare.html\">aici<\/a>.<\/p>\n\n\n\n<hr class=\"wp-block-separator\"\/>\n\n\n\n<p class=\"has-vivid-green-cyan-color has-text-color\"><strong>Concursul de CHIMIE-BIOLOGIE-INDUSTRIE ALIMENTARA &#8211; Editia a X-a<\/strong><\/p>\n\n\n\n<p>Cea de-a 10-a edi\u021bie a Concursul de CHIMIE-BIOLOGIE-INDUSTRIE ALIMENTAR\u0102, organizat de c\u0103tre Departamentul de Chimie \u015fi Biologie din cadrul Facult\u0103\u0163ii de \u015etiin\u0163e a Universit\u0103\u0163ii Tehnice din Cluj-Napoca, Centrul Universitar Nord din Baia Mare, adresat elevilor claselor a 12-zecea de la toate tipurile de licee, teoretice, industriale \u0219i voca\u021bionale, va avea loc ONLINE \u00een data de 28 ianuarie 2021, de la ora 12.00 pentru sec\u021biunea CHIMIE \u0219i sec\u021biunea INDUSTRIE ALIMENTAR\u0102 \u0219i de la ora 14:00 pentru sec\u021biunea BIOLOGIE [concursul se organizeaz\u0103 la ore diferite pentru a permite participarea doritorilor la dou\u0103 sec\u021biuni ].<br>Concursul CHIMIE-BIOLOGIE-INDUSTRIE ALIMENTAR\u0102 Baia Mare 2021 este organizat pe trei sec\u021biuni:<\/p>\n\n\n\n<ol class=\"wp-block-list\"><li>sec\u021biunea CHIMIE<\/li><li>sec\u021biunea BIOLOGIE<\/li><li>sec\u021biunea INDUSTRIE ALIMENTAR\u0102<\/li><\/ol>\n\n\n\n<p>\u00censcrierea la concurs se face on-line, \u00een perioada 4 ianuarie\u201321 ianuarie 2021 complet\u00e2nd acest formular:&nbsp;<a href=\"https:\/\/docs.google.com\/forms\/d\/e\/1FAIpQLSfydE2pUWtOkWfHz0YiPo340NBAvIbRra0CeNPWFytlxak7GQ\/viewform?gxids=7628\">FORMULAR.<\/a><\/p>\n\n\n\n<p>Concursul ofer\u0103 candida\u021bilor posibilitatea verific\u0103rii cuno\u0219tin\u021belor de chimie, biologie sau industrie alimentar\u0103 \u0219i alimenta\u021bie public\u0103 dar este \u0219i un criteriu alternativ de selec\u021bie la Concursul de admitere 2021 pentru oricare din cele 5 specializari coordonate de c\u0103tre Departamentul de Chimie si Biologie:<\/p>\n\n\n\n<ol class=\"wp-block-list\"><li>Chimie medical\u0103<\/li><li>Biologie<\/li><li>Controlul si expertiza produselor alimentare<\/li><li>Ingineria produselor alimentare.<\/li><\/ol>\n\n\n\n<p>Nota ob\u021binut\u0103 la concursul CHIMIE-BIOLOGIE-INDUSTRIE ALIMENTAR\u0102 Baia Mare 2021, va putea fi folosit\u0103 la calculul mediei de admitere, \u00een func\u021bie de metodologia de admitere.<br>Pentru fiecare sec\u021biune, Concursul const\u0103 din 20 de intrebari teoretice \u0219i\/sau probleme tip gril\u0103 cu un singur r\u0103spuns corect din cinci variante.<\/p>\n\n\n\n<p>Temele pentru concurs pot fi consultate&nbsp;<a href=\"https:\/\/stiinte.utcluj.ro\/files\/Tematica%20Concurs%20de%20Chimie_Biologie_Industrie%20alimentara%202021.pdf\">aici<\/a>.<\/p>\n\n\n\n<hr class=\"wp-block-separator\"\/>\n\n\n\n<p class=\"has-black-color has-text-color\">Departamentul de Chimie \u0219i Biologie anun\u021b\u0103 conferin\u021ba invitat\u0103 cu titlul: \u201cPrezentare platforma Moodle\u201d , sus\u021binut\u0103 de lector dr. Mara Hajdu M\u0103celaru de la Departamentul de Matematic\u0103 \u0219i Informatic\u0103 (CUNBM), ce va avea loc pe data de 9 martie 2020 ora 12.00, la sediul Facultatii de Stiinte &#8211; str. Victoriei nr.76A <a href=\"https:\/\/stiinte.utcluj.ro\/files\/pp.jpg\"><strong>Detalii aici<\/strong><\/a><\/p>\n\n\n\n<hr class=\"wp-block-separator\"\/>\n\n\n\n<p class=\"has-black-color has-text-color\">Departamentul de Chimie \u0219i Biologie anun\u021b\u0103 conferin\u021ba invitat\u0103 cu titlul: Utilizarea chatbot-ului integrat \u00een pagina de prezentare pentru o mai bun\u0103 interac\u021biune a utilizatorilor, sus\u021binut\u0103 de lector dr. Mara Hajdu M\u0103celaru de la Departamentul de Matematic\u0103 \u0219i Informatic\u0103 (CUNBM) , ce va avea loc pe data de 2 martie 2020 ora 12.00, la sediul Facultatii de Stiinte &#8211; str. Victoriei nr.76A<a href=\"https:\/\/stiinte.utcluj.ro\/files\/Conferinta2martie.pdf\"> <strong>Detalii aici<\/strong><\/a><\/p>\n\n\n\n<hr class=\"wp-block-separator\"\/>\n\n\n\n<p><strong>Concursul interjudetean de Biologie, Chimie si Protectia mediului, Edi\u0163ia a 9-a, organizat de c\u0103tre Departamentul de Chimie \u015fi Biologie din cadrul Facult\u0103\u0163ii de \u015etiin\u0163e, va avea loc pe data de 22 ianuarie 2020 ora 12.00, la sediul Facultatii de Stiinte &#8211; str. Victoriei nr.76A<\/strong><a href=\"https:\/\/stiinte.utcluj.ro\/files\/Concurs%20de%20Biologie,%20Chimie%20si%20%20%20Stiinta%20mediului%202020.pdf\">Detalii aici<\/a><\/p>\n\n\n\n<hr class=\"wp-block-separator\"\/>\n\n\n\n<p><strong>Miercuri, 15 Ianuarie 2020, SIMPOZIONUL STRATEGII DIDACTICE MODERNE \u00ceN \u0218TIIN\u021aELE NATURII edi\u021bia a II-a<\/strong><a href=\"https:\/\/stiinte.utcluj.ro\/files\/Invitatie%20SIMPOZION%2015%20ianuarie%202020.pdf\"> Detalii aici<\/a><\/p>\n\n\n\n<hr class=\"wp-block-separator\"\/>\n\n\n\n<p><strong>Vineri, 13 Decembrie 2019, Departamentul de Chimie \u0219i Biologie, organizeaz\u0103 evenimentul &#8220;De la re\u021betele de acas\u0103 la re\u021bete inovatoare&#8221;- edi\u021bia 2019<\/strong><\/p>\n\n\n\n<p><a href=\"https:\/\/stiinte.utcluj.ro\/anunturi\/eveniment-de-la-retetele-de-acasa-la-retete-inovatoare.html\">Detalii aici<\/a><\/p>\n\n\n\n<p><a href=\"https:\/\/chimie-biologie.ubm.ro\/doc\/Concurs.pdf\">Programul evenimentului<\/a><\/p>\n\n\n\n<hr class=\"wp-block-separator\"\/>\n\n\n\n<p><strong>Luni, 13 Mai 2019, Departamentul de Chimie \u0219i Biologie, organizeaz\u0103 &#8220;Sesiunea de Comunic\u0103ri \u0218tiin\u021bifice Studen\u021be\u0219ti&#8221;- edi\u021bia 2019<\/strong><\/p>\n\n\n\n<p><a href=\"http:\/\/chimie-biologie.ubm.ro\/Program%20sesiunea%20de%20comunicari%202019.pdf\">Program- Sesiunea de Comunic\u0103ri \u0218tiin\u021bifice Studente\u0219ti- 2019<\/a><\/p>\n\n\n\n<hr class=\"wp-block-separator\"\/>\n\n\n\n<p><strong>Luni, 6 Mai 2019 cu \u00eencepere de la ora 12.00 se va desf\u0103\u0219ura cea de a 4-a edi\u021bie a Simpozionul Studen\u021besc &#8220;Istoria \u0218tiin\u021belor&#8221;, organizat de c\u0103tre Departamentul de Chimie \u0219i Biologie.<\/strong><\/p>\n\n\n\n<p><a href=\"http:\/\/chimie-biologie.ubm.ro\/PozeSimpozion2019.pdf\">Poze<\/a><\/p>\n\n\n\n<p><a href=\"http:\/\/chimie-biologie.ubm.ro\/Programul%20Simpozionului%20%202019.pdf\">Programul Simpozionului 2019<\/a><a href=\"http:\/\/chimie-biologie.ubm.ro\/Rezultate%20Istoria%20stiintelor%202019.pdf\">Rezultate Istoria stiintelor 2019<\/a><\/p>\n\n\n\n<hr class=\"wp-block-separator\"\/>\n\n\n\n<p><strong>Departamentul de Chimie \u0219i Biologie anun\u021b\u0103 Conferin\u021ba invitat\u0103 cu titlul: &#8220;Structure-function study of the multi-drug resistant HIV-1 Protease clinical isolates&#8221;, , sus\u021binut\u0103 de Prof. dr. George Proteasa, de la de la City University of New York<\/strong><\/p>\n\n\n\n<p><a href=\"https:\/\/stiinte.utcluj.ro\/files\/Conferinta18032019_1.pdf\">Detalii aici<\/a><\/p>\n\n\n\n<hr class=\"wp-block-separator\"\/>\n\n\n\n<p><strong>Departamentul de Chimie \u0219i Biologie anun\u021b\u0103 Conferin\u021ba invitat\u0103 cu titlul: Genomics breeding genetica, sus\u021binut\u0103 de Prof. dr. Chandima Ariyarathna, de la Universitatea Peradeniya, Kandy, Sri Lanka<\/strong><\/p>\n\n\n\n<p><a href=\"https:\/\/stiinte.utcluj.ro\/files\/Conferinta%20invitata%202.pdf\">Detalii aici<\/a><\/p>\n\n\n\n<hr class=\"wp-block-separator\"\/>\n\n\n\n<p><strong>Departamentul de Chimie \u0219i Biologie anun\u021b\u0103 conferin\u021ba invitat\u0103 cu titlul: Utilizarea chatbot-ului integrat \u00een pagina de prezentare pentru o mai bun\u0103 interac\u021biune a utilizatorilor, sus\u021binut\u0103 de lector dr. Mara Hajdu M\u0103celaru de la Departamentul de Matematic\u0103 \u0219i Informatic\u0103 (CUNBM).<\/strong><\/p>\n\n\n\n<p><a href=\"https:\/\/stiinte.utcluj.ro\/files\/Conferinta2martie.pdf\">Detalii aici<\/a><\/p>\n\n\n\n<hr class=\"wp-block-separator\"\/>\n\n\n\n<p><strong>SIMPOZION &#8220;Strategii didactice moderne in stiintele naturii&#8221;, Miercuri 30 ianuarie 2019, \u00eencep\u00e2nd cu ora 10.00, \u00een Amfiteatrul A59 al Facult\u0103\u021bii de \u0218tiin\u021be (str. Victoriei nr. 76, Baia Mare).<\/strong><\/p>\n\n\n\n<p><a href=\"https:\/\/stiinte.utcluj.ro\/files\/Invitatie%20Simpozion%2030%20ianuarie%202019.pdf\">Detalii aici<\/a><\/p>\n\n\n\n<hr class=\"wp-block-separator\"\/>\n\n\n\n<p><strong>Masa rotunda &#8220;Strategii didactice centrate pe student&#8221; &#8211; 10 decembrie 2018, ora 12.00, sala 25<\/strong><\/p>\n\n\n\n<p><a href=\"https:\/\/stiinte.utcluj.ro\/files\/Metode%20si%20tehnici%20de%20evaluare%20a%20studentului.pdf\">Detalii aici<\/a><\/p>\n\n\n\n<hr class=\"wp-block-separator\"\/>\n\n\n\n<p><strong>Masa rotunda &#8220;Strategii didactice centrate pe student&#8221;<\/strong><\/p>\n\n\n\n<p><a href=\"https:\/\/stiinte.utcluj.ro\/files\/Strategii%20didactice%20centrate%20pe%20student.pdf\">Detalii aici<\/a><\/p>\n\n\n\n<hr class=\"wp-block-separator\"\/>\n\n\n\n<p><strong>Sesiunea de comunicari stiintifice a studentilor<\/strong><\/p>\n\n\n\n<p>Vineri, 11.05.2018 va avea loc Sesiunea de comunicari stiintifice a studentilor , de la specializarile de licenta si master coordonate de catre Departamentul de Chimie si Biologie, organizate pe cinci Sectiuni.<\/p>\n\n\n\n<hr class=\"wp-block-separator\"\/>\n\n\n\n<p><strong>Simpozionul studentesc &#8220;Istoria Stiintei&#8221;<\/strong><\/p>\n\n\n\n<p>Luni, 14.05.2018 va alea loc cea de a 3-a editie a Simpozionul studentesc &#8220;Istoria Stiintei&#8221; organizat de Departamentul de Chimie si Biologie.<\/p>\n\n\n\n<hr class=\"wp-block-separator\"\/>\n\n\n\n<p><strong>Concursul interjudetean de Biologie, Chimie si Protectia mediului, edi\u0163ia 2018<\/strong><\/p>\n\n\n\n<p>&#8220;Concursul interjudetean de Biologie, Chimie si Protectia mediului&#8221;, edi\u0163ia 2018, organizat de catre Departamentul de Chimie \u015fi Biologie va avea loc pe data de&nbsp;<strong>31.01.2018<\/strong>, ora 12.00, la sediul Facultatii de Stiinte, str. Victoriei nr.76A, sala A59. Concursul se adreseaza elevilor claselor a 12-zecea de la toate tipurile de licee, teoretice, industriale si vocationale.<\/p>\n\n\n\n<p>Tematica de concurs:&nbsp;<a href=\"https:\/\/stiinte.utcluj.ro\/files\/planuri\/Concurs%202018.pdf\"><strong>aici.<\/strong><\/a><\/p>\n\n\n\n<p>Tabelul de inscriere:<a href=\"https:\/\/stiinte.utcluj.ro\/files\/planuri\/Tabel%20centralizator%20inscriere.doc\">&nbsp;<strong>aici.<\/strong><\/a><\/p>\n\n\n\n<hr class=\"wp-block-separator\"\/>\n\n\n\n<p>CONCURSUL STUDEN\u0162ESC DE TEHNOLOGIE ALIMENTAR\u0102 &#8211; COSTA<br>EDI\u0162IA 2017<br>Mai multe detalii&nbsp;<a href=\"https:\/\/stiinte.utcluj.ro\/files\/chimie\/Brosura-COSTA-2017.pdf\">aici.<\/a><\/p>\n\n\n\n<hr class=\"wp-block-separator\"\/>\n\n\n\n<p>Departamentul de Chimie si Biologie organizeaza Luni 27.11.2017 de la ora 13.00 in sala 25 Seminarul stiintific cu tema:<br>&#8221; Efectele poluante ale depozitelor de steril minier aflate \u00een etapa de \u00eenchidere\/conservare&#8221;<br>Prezinta conf. univ. dr. Marian Jelea si sef lucr. dr. Stela Jelea<\/p>\n\n\n\n<hr class=\"wp-block-separator\"\/>\n\n\n\n<p>Departamentul de Chimie si Biologie organizeaza Luni 13.11.2017 de la ora 13.00 in sala 25 Seminarul stiintific cu tema:<br>&#8220;Utilizarea tehnicilor ANOVA in studiul influentei pH-ului asupra culorilor extractelor alcoolice din florile de trandafiri&#8221;<br>Prezinta conf. univ. dr. Leonard Mihaly Cozmuta<\/p>\n\n\n\n<hr class=\"wp-block-separator\"\/>\n\n\n\n<p><a href=\"https:\/\/stiinte.utcluj.ro\/files\/chimie\/Workshop%20-Program.pdf\">INTERNATIONAL WORKSHOP : ORGANOLEPTICAL AND PHYSICAL-CHEMICAL CHARACTERIZATION OF DIFFERENT TYPES OF FOOD. CHARACTERIZATION OF MATERIALS CURRENTLY USED AS FOOD PACKAGING SYSTEMS &#8211; 23 &#8211; 26 October 2017<\/a><\/p>\n\n\n\n<p>Concurs interjudetean de Chimie Biologie si Stiinta Mediului<\/p>\n\n\n\n<hr class=\"wp-block-separator\"\/>\n\n\n\n<p><a href=\"http:\/\/chimie-biologie.ubm.ro\/Concurs.pdf\" target=\"_blank\" rel=\"noreferrer noopener\">Concursul judetean de Biologie, Chimie si Protectia mediului<\/a><\/p>\n","protected":false},"excerpt":{"rendered":"<p>CONCURS COSTA 2021 &#8211; Alimente inovative Edi\u021bia a XI-a a Concursului COSTA va consta \u00een prezentarea online a unui proiect care trateaz\u0103 un aliment inovativ. Edi\u021bia a XI-a a Concursul COSTA, va avea loc online \u00een data de 27 martie 2021, de la ora 11.00. Concursul COSTA 2021 dore\u0219te a fi un punct de pornire &hellip; <\/p>\n<p class=\"link-more\"><a href=\"https:\/\/dcb.cunbm.utcluj.ro\/?page_id=168\" class=\"more-link\">Continue reading<span class=\"screen-reader-text\"> &#8220;Evenimente&#8221;<\/span><\/a><\/p>\n","protected":false},"author":1,"featured_media":0,"parent":0,"menu_order":0,"comment_status":"closed","ping_status":"closed","template":"","meta":{"footnotes":""},"class_list":["post-168","page","type-page","status-publish","hentry"],"_links":{"self":[{"href":"https:\/\/dcb.cunbm.utcluj.ro\/index.php?rest_route=\/wp\/v2\/pages\/168","targetHints":{"allow":["GET"]}}],"collection":[{"href":"https:\/\/dcb.cunbm.utcluj.ro\/index.php?rest_route=\/wp\/v2\/pages"}],"about":[{"href":"https:\/\/dcb.cunbm.utcluj.ro\/index.php?rest_route=\/wp\/v2\/types\/page"}],"author":[{"embeddable":true,"href":"https:\/\/dcb.cunbm.utcluj.ro\/index.php?rest_route=\/wp\/v2\/users\/1"}],"replies":[{"embeddable":true,"href":"https:\/\/dcb.cunbm.utcluj.ro\/index.php?rest_route=%2Fwp%2Fv2%2Fcomments&post=168"}],"version-history":[{"count":1,"href":"https:\/\/dcb.cunbm.utcluj.ro\/index.php?rest_route=\/wp\/v2\/pages\/168\/revisions"}],"predecessor-version":[{"id":169,"href":"https:\/\/dcb.cunbm.utcluj.ro\/index.php?rest_route=\/wp\/v2\/pages\/168\/revisions\/169"}],"wp:attachment":[{"href":"https:\/\/dcb.cunbm.utcluj.ro\/index.php?rest_route=%2Fwp%2Fv2%2Fmedia&parent=168"}],"curies":[{"name":"wp","href":"https:\/\/api.w.org\/{rel}","templated":true}]}}