{"id":64,"date":"2022-06-04T10:38:23","date_gmt":"2022-06-04T10:38:23","guid":{"rendered":"https:\/\/dcb.cunbm.utcluj.ro\/?page_id=64"},"modified":"2025-01-13T05:52:51","modified_gmt":"2025-01-13T05:52:51","slug":"cadre-didactice","status":"publish","type":"page","link":"https:\/\/dcb.cunbm.utcluj.ro\/?page_id=64","title":{"rendered":"Cadre didactice"},"content":{"rendered":"\n<figure class=\"wp-block-table is-style-stripes\"><table class=\"has-fixed-layout\"><thead><tr><th><strong>Poza<\/strong><\/th><th class=\"has-text-align-center\" data-align=\"center\"><strong>Numele si prenumele cadrului didactic<\/strong><\/th><th><strong>Domeniul de interes<\/strong><\/th><th class=\"has-text-align-center\" data-align=\"center\">                  <strong>CV<\/strong><\/th><\/tr><\/thead><tbody><tr><td>&nbsp;<img loading=\"lazy\" decoding=\"async\" width=\"350\" height=\"394\" class=\"wp-image-75\" style=\"width: 350px;\" src=\"https:\/\/dcb.cunbm.utcluj.ro\/wp-content\/uploads\/2022\/06\/Mihaly-Cozmuta-Anca.jpg\" alt=\"\" srcset=\"https:\/\/dcb.cunbm.utcluj.ro\/wp-content\/uploads\/2022\/06\/Mihaly-Cozmuta-Anca.jpg 659w, https:\/\/dcb.cunbm.utcluj.ro\/wp-content\/uploads\/2022\/06\/Mihaly-Cozmuta-Anca-266x300.jpg 266w\" sizes=\"auto, (max-width: 350px) 100vw, 350px\" \/><\/td><td class=\"has-text-align-center\" data-align=\"center\">Prof.univ.dr.ing.hab. Mihaly Cozmu\u021ba Anca<\/td><td>&#8211; Ambalaje alimentare active<br>&#8211; Alimente func\u021bionale <br>&#8211; Tehnologia panifica\u021biei<br>&#8211; Trasabilitatea contaminan\u021bilor chimici pe lan\u021bul alimentar<\/td><td class=\"has-text-align-center\" data-align=\"center\">&nbsp;<a rel=\"noreferrer noopener\" href=\"https:\/\/dcb.cunbm.utcluj.ro\/wp-content\/uploads\/2022\/06\/CV-Mihaly-Cozmuta-Anca.pdf\" target=\"_blank\">CV<\/a><\/td><\/tr><tr><td><\/td><td class=\"has-text-align-center\" data-align=\"center\">Prof.univ.dr.hab.<br>Peter Anca<\/td><td>&#8211; Caracterizare si aplicatii ale materialelor nanostructurate pe baza de TiO2<br> &#8211; Ambalaje active<\/td><td class=\"has-text-align-center\" data-align=\"center\">&nbsp;<a rel=\"noreferrer noopener\" href=\"https:\/\/dcb.cunbm.utcluj.ro\/wp-content\/uploads\/2022\/10\/CV-si-cercetare-Anca-Peter-actualizate.pdf\" target=\"_blank\">CV<\/a><\/td><\/tr><tr><td><img decoding=\"async\" src=\"https:\/\/dcb.cunbm.utcluj.ro\/wp-content\/uploads\/2022\/06\/Giurgiulescu-Liviu.jpg\"><\/td><td class=\"has-text-align-center\" data-align=\"center\">Prof.univ.dr.ing.hab. Giurgiulescu Liviu<\/td><td>-Biotehnologii alimentare <br>-Technologii fermentative<br>-Extragerea compu\u0219ilor biologici activi din materii vegetale -Oenologie<\/td><td class=\"has-text-align-center\" data-align=\"center\"><a href=\"https:\/\/dcb.cunbm.utcluj.ro\/wp-content\/uploads\/2024\/10\/CV-Giurgiulescu-Liviu-n.pdf\" target=\"_blank\" rel=\"noreferrer noopener\">CV<\/a>&nbsp;<\/td><\/tr><tr><td><img decoding=\"async\" src=\"https:\/\/dcb.cunbm.utcluj.ro\/wp-content\/uploads\/2022\/06\/Dippong-Thomas.jpg\"><\/td><td class=\"has-text-align-center\" data-align=\"center\">Prof.univ. dr.hab.<br>Dippong Thomas<\/td><td>&#8211; Calitatea apelor subterane, lacurilor, r\u00e2urilor \u0219i a apelor din re\u021belele municipale <br>-Sinteza, caracterizarea fizico-chimic\u0103, coloristic\u0103 \u0219i fotocatalitic\u0103 a feritelor de cobalt \u0219i a derivatilor acestora <br>&#8211; Nanomateriale magnetice \u00eenglobate in silice respectiv polivinil-alcool <br>&#8211; Analiza fizico-chimic\u0103 a produselor alimentare<\/td><td class=\"has-text-align-center\" data-align=\"center\">\u00a0<a href=\"https:\/\/dcb.cunbm.utcluj.ro\/wp-content\/uploads\/2025\/01\/CV-DIPPONG-THOMAS-nou.pdf\" target=\"_blank\" rel=\"noreferrer noopener\">CV<\/a><\/td><\/tr><tr><td>&nbsp;<img loading=\"lazy\" decoding=\"async\" width=\"150\" height=\"113\" class=\"wp-image-74\" style=\"width: 150px;\" src=\"https:\/\/dcb.cunbm.utcluj.ro\/wp-content\/uploads\/2022\/06\/Mihali-Cristina-scaled.jpg\" alt=\"\" srcset=\"https:\/\/dcb.cunbm.utcluj.ro\/wp-content\/uploads\/2022\/06\/Mihali-Cristina-scaled.jpg 2560w, https:\/\/dcb.cunbm.utcluj.ro\/wp-content\/uploads\/2022\/06\/Mihali-Cristina-300x225.jpg 300w, https:\/\/dcb.cunbm.utcluj.ro\/wp-content\/uploads\/2022\/06\/Mihali-Cristina-1024x768.jpg 1024w, https:\/\/dcb.cunbm.utcluj.ro\/wp-content\/uploads\/2022\/06\/Mihali-Cristina-768x576.jpg 768w, https:\/\/dcb.cunbm.utcluj.ro\/wp-content\/uploads\/2022\/06\/Mihali-Cristina-1536x1152.jpg 1536w, https:\/\/dcb.cunbm.utcluj.ro\/wp-content\/uploads\/2022\/06\/Mihali-Cristina-2048x1536.jpg 2048w\" sizes=\"auto, (max-width: 150px) 100vw, 150px\" \/><\/td><td class=\"has-text-align-center\" data-align=\"center\">Conf.univ.dr.Mihali Cristina Maria<\/td><td>&#8211; Analiza cromatografic\u0103 a alimentelor \u0219i a produselor farmaceutice<br> &#8211; Analiza prin spectrometrie de absorb\u021bie molecular\u0103 UV-VIZ<br>&#8211; Analiza poluan\u021bilor din mediu (ap\u0103, aer, sol)<\/td><td class=\"has-text-align-center\" data-align=\"center\"><a href=\"https:\/\/dcb.cunbm.utcluj.ro\/wp-content\/uploads\/2022\/06\/CV-Mihali-Cristina.pdf\" target=\"_blank\" rel=\"noreferrer noopener\">CV&nbsp;<\/a><\/td><\/tr><tr><td>&nbsp;<img loading=\"lazy\" decoding=\"async\" width=\"150\" height=\"225\" class=\"wp-image-70\" style=\"width: 150px;\" src=\"https:\/\/dcb.cunbm.utcluj.ro\/wp-content\/uploads\/2022\/06\/Jelea-Marian-scaled.jpg\" alt=\"\" srcset=\"https:\/\/dcb.cunbm.utcluj.ro\/wp-content\/uploads\/2022\/06\/Jelea-Marian-scaled.jpg 1707w, https:\/\/dcb.cunbm.utcluj.ro\/wp-content\/uploads\/2022\/06\/Jelea-Marian-200x300.jpg 200w, https:\/\/dcb.cunbm.utcluj.ro\/wp-content\/uploads\/2022\/06\/Jelea-Marian-683x1024.jpg 683w, https:\/\/dcb.cunbm.utcluj.ro\/wp-content\/uploads\/2022\/06\/Jelea-Marian-768x1152.jpg 768w, https:\/\/dcb.cunbm.utcluj.ro\/wp-content\/uploads\/2022\/06\/Jelea-Marian-1024x1536.jpg 1024w, https:\/\/dcb.cunbm.utcluj.ro\/wp-content\/uploads\/2022\/06\/Jelea-Marian-1365x2048.jpg 1365w\" sizes=\"auto, (max-width: 150px) 100vw, 150px\" \/><\/td><td class=\"has-text-align-center\" data-align=\"center\">Conf.univ.dr.Jelea Marian<\/td><td>-Protec\u0163ia mediului <br>-Biotehnologii microbiene<\/td><td class=\"has-text-align-center\" data-align=\"center\"><a href=\"https:\/\/dcb.cunbm.utcluj.ro\/wp-content\/uploads\/2022\/06\/CV-Jelea-Marian.pdf\" target=\"_blank\" rel=\"noreferrer noopener\">CV<\/a>&nbsp;<\/td><\/tr><tr><td>&nbsp;<img loading=\"lazy\" decoding=\"async\" width=\"150\" height=\"179\" class=\"wp-image-73\" style=\"width: 150px;\" src=\"https:\/\/dcb.cunbm.utcluj.ro\/wp-content\/uploads\/2022\/06\/Marian-Monica.jpg\" alt=\"\" srcset=\"https:\/\/dcb.cunbm.utcluj.ro\/wp-content\/uploads\/2022\/06\/Marian-Monica.jpg 351w, https:\/\/dcb.cunbm.utcluj.ro\/wp-content\/uploads\/2022\/06\/Marian-Monica-252x300.jpg 252w\" sizes=\"auto, (max-width: 150px) 100vw, 150px\" \/><\/td><td class=\"has-text-align-center\" data-align=\"center\">Conf.univ.dr.Marian Monica Liliana<\/td><td>-Botanica <br>-Ecologie vegetala <br>-Fitocenologie<br> -Evaluarea biodiversitatii<\/td><td class=\"has-text-align-center\" data-align=\"center\"><a href=\"https:\/\/dcb.cunbm.utcluj.ro\/wp-content\/uploads\/2022\/06\/CV-Marian-Monica.pdf\" target=\"_blank\" rel=\"noreferrer noopener\">CV&nbsp;<\/a><\/td><\/tr><tr><td>&nbsp;<img loading=\"lazy\" decoding=\"async\" width=\"147\" height=\"168\" class=\"wp-image-78\" style=\"width: 147px;\" src=\"https:\/\/dcb.cunbm.utcluj.ro\/wp-content\/uploads\/2022\/06\/Nicula-Camelia.jpg\" alt=\"\"><\/td><td class=\"has-text-align-center\" data-align=\"center\">Conf.univ.dr. Nicula Camelia Lumini\u021ba<\/td><td>-Siguranta alimentelor<\/td><td class=\"has-text-align-center\" data-align=\"center\"><a href=\"https:\/\/dcb.cunbm.utcluj.ro\/wp-content\/uploads\/2022\/06\/CV-NICULA-Camelia.pdf\" target=\"_blank\" rel=\"noreferrer noopener\">CV&nbsp;<\/a><\/td><\/tr><tr><td>&nbsp;<img loading=\"lazy\" decoding=\"async\" width=\"150\" height=\"117\" class=\"wp-image-76\" style=\"width: 150px;\" src=\"https:\/\/dcb.cunbm.utcluj.ro\/wp-content\/uploads\/2022\/06\/Mihaly-Cozmuta-Leonard.jpg\" alt=\"\" srcset=\"https:\/\/dcb.cunbm.utcluj.ro\/wp-content\/uploads\/2022\/06\/Mihaly-Cozmuta-Leonard.jpg 425w, https:\/\/dcb.cunbm.utcluj.ro\/wp-content\/uploads\/2022\/06\/Mihaly-Cozmuta-Leonard-300x234.jpg 300w\" sizes=\"auto, (max-width: 150px) 100vw, 150px\" \/><\/td><td class=\"has-text-align-center\" data-align=\"center\">Conf.univ.dr. Mihaly Cozmu\u021ba Leonard<\/td><td>&#8211; Analiz\u0103 instrumental\u0103 <br>&#8211; Prelucrarea statistic\u0103 a datelor experimentale. Chemometrie <br>&#8211;&nbsp; Recuperare de metale valoroase din de\u0219euri <br>&#8211; Trasabilitatea contaminan\u021bilor chimici pe lan\u021bul alimentar<\/td><td class=\"has-text-align-center\" data-align=\"center\"><a href=\"https:\/\/dcb.cunbm.utcluj.ro\/wp-content\/uploads\/2022\/06\/CV-Mihaly-Cozmuta-Leonard.pdf\" target=\"_blank\" rel=\"noreferrer noopener\">CV&nbsp;<\/a><\/td><\/tr><tr><td><\/td><td class=\"has-text-align-center\" data-align=\"center\">Conf.univ.dr. Berinde M\u0103rioara Zoi\u021ba<\/td><td>-Topologie molecular\u0103;<br>-Studii QSPR, <br>-Studii QSAR<\/td><td class=\"has-text-align-center\" data-align=\"center\">&nbsp;<a rel=\"noreferrer noopener\" href=\"https:\/\/dcb.cunbm.utcluj.ro\/wp-content\/uploads\/2022\/06\/CV-Berinde-Zoita.pdf\" target=\"_blank\">CV<\/a><\/td><\/tr><tr><td>&nbsp;<img loading=\"lazy\" decoding=\"async\" width=\"127\" height=\"188\" class=\"wp-image-71\" style=\"width: 127px;\" src=\"https:\/\/dcb.cunbm.utcluj.ro\/wp-content\/uploads\/2022\/06\/Jelea-Stela.png\" alt=\"\"><\/td><td class=\"has-text-align-center\" data-align=\"center\">\u0218ef lucr.dr.Jelea Stela<\/td><td>-Fiziologia animal\u0103; <br>-Evaluarea efectelor factorilor poluan\u0163i asupra s\u0103n\u0103t\u0103\u0163ii \u015fi calit\u0103\u0163ii vie\u0163ii; <br>-Analiza, monitorizarea \u015fi diminuarea efectelor factorilor poluan\u0163i proveni\u0163i din industrie<\/td><td class=\"has-text-align-center\" data-align=\"center\"><a href=\"https:\/\/dcb.cunbm.utcluj.ro\/wp-content\/uploads\/2022\/06\/CV-Jelea-Stela.pdf\" target=\"_blank\" rel=\"noreferrer noopener\">CV&nbsp;<\/a><\/td><\/tr><tr><td>&nbsp;<\/td><td class=\"has-text-align-center\" data-align=\"center\">\u0218ef lucr.dr. Mihalescu Lucia<\/td><td>-Fiziologia plantelor -Genetica <br>-Fitopatologie <br>-Biotehnologii<\/td><td class=\"has-text-align-center\" data-align=\"center\">&nbsp;<a href=\"https:\/\/dcb.cunbm.utcluj.ro\/wp-content\/uploads\/2022\/06\/CV-Mihalescu-Lucia.pdf\" target=\"_blank\" rel=\"noreferrer noopener\">CV<\/a><\/td><\/tr><tr><td>&nbsp;<img loading=\"lazy\" decoding=\"async\" width=\"150\" height=\"150\" class=\"wp-image-65\" style=\"width: 150px;\" src=\"https:\/\/dcb.cunbm.utcluj.ro\/wp-content\/uploads\/2022\/06\/Butean-Claudia.jpg\" alt=\"\" srcset=\"https:\/\/dcb.cunbm.utcluj.ro\/wp-content\/uploads\/2022\/06\/Butean-Claudia.jpg 685w, https:\/\/dcb.cunbm.utcluj.ro\/wp-content\/uploads\/2022\/06\/Butean-Claudia-300x300.jpg 300w, https:\/\/dcb.cunbm.utcluj.ro\/wp-content\/uploads\/2022\/06\/Butean-Claudia-150x150.jpg 150w, https:\/\/dcb.cunbm.utcluj.ro\/wp-content\/uploads\/2022\/06\/Butean-Claudia-100x100.jpg 100w\" sizes=\"auto, (max-width: 150px) 100vw, 150px\" \/><\/td><td class=\"has-text-align-center\" data-align=\"center\">\u0218ef lucr.dr. Butean Claudia<\/td><td>&#8211; Chimia mediului, <br>&#8211; Analize ale poluantilor din aer, apa si sol.<\/td><td class=\"has-text-align-center\" data-align=\"center\"><a href=\"https:\/\/dcb.cunbm.utcluj.ro\/wp-content\/uploads\/2022\/06\/CV-Butean-Claudia.pdf\" target=\"_blank\" rel=\"noreferrer noopener\">CV&nbsp;<\/a><\/td><\/tr><tr><td>&nbsp;<\/td><td class=\"has-text-align-center\" data-align=\"center\">\u0218ef lucr.dr. Racol\u021ba Dania<\/td><td>&#8211; Termodinamica chimica <br>&#8211; Electrochimie <br>&#8211; Structura si proprietatile feromagnetice ale materialelor oxidice vitroase. <br>&#8211; Sisteme nanostructurate. Grafene si nanoturburi de carbon<\/td><td class=\"has-text-align-center\" data-align=\"center\"><a href=\"https:\/\/dcb.cunbm.utcluj.ro\/wp-content\/uploads\/2022\/06\/CV-Racolta-Dania.pdf\" target=\"_blank\" rel=\"noreferrer noopener\">CV&nbsp;<\/a><\/td><\/tr><tr><td>&nbsp;<img loading=\"lazy\" decoding=\"async\" width=\"150\" height=\"268\" class=\"wp-image-72\" style=\"width: 150px;\" src=\"https:\/\/dcb.cunbm.utcluj.ro\/wp-content\/uploads\/2022\/06\/Mare-Rosca-Oana.jpg\" alt=\"\" srcset=\"https:\/\/dcb.cunbm.utcluj.ro\/wp-content\/uploads\/2022\/06\/Mare-Rosca-Oana.jpg 957w, https:\/\/dcb.cunbm.utcluj.ro\/wp-content\/uploads\/2022\/06\/Mare-Rosca-Oana-168x300.jpg 168w, https:\/\/dcb.cunbm.utcluj.ro\/wp-content\/uploads\/2022\/06\/Mare-Rosca-Oana-573x1024.jpg 573w, https:\/\/dcb.cunbm.utcluj.ro\/wp-content\/uploads\/2022\/06\/Mare-Rosca-Oana-768x1371.jpg 768w, https:\/\/dcb.cunbm.utcluj.ro\/wp-content\/uploads\/2022\/06\/Mare-Rosca-Oana-860x1536.jpg 860w\" sizes=\"auto, (max-width: 150px) 100vw, 150px\" \/><\/td><td class=\"has-text-align-center\" data-align=\"center\">\u0218ef lucr.dr. Mare Ro\u0219ca Oana<\/td><td>-Biodiversitate \u0219i arii protejate, evaluarea biologic\u0103 a apelor curg\u0103toare<\/td><td class=\"has-text-align-center\" data-align=\"center\">&nbsp;<a href=\"https:\/\/dcb.cunbm.utcluj.ro\/wp-content\/uploads\/2022\/06\/CV-Mare-Rosca-Oana.pdf\" target=\"_blank\" rel=\"noreferrer noopener\">CV<\/a><\/td><\/tr><tr><td>&nbsp;<img loading=\"lazy\" decoding=\"async\" width=\"150\" height=\"200\" class=\"wp-image-77\" style=\"width: 150px;\" src=\"https:\/\/dcb.cunbm.utcluj.ro\/wp-content\/uploads\/2022\/06\/Nasui-Daniel-scaled-e1654338950890.jpg\" alt=\"\" srcset=\"https:\/\/dcb.cunbm.utcluj.ro\/wp-content\/uploads\/2022\/06\/Nasui-Daniel-scaled-e1654338950890.jpg 1920w, https:\/\/dcb.cunbm.utcluj.ro\/wp-content\/uploads\/2022\/06\/Nasui-Daniel-scaled-e1654338950890-225x300.jpg 225w, https:\/\/dcb.cunbm.utcluj.ro\/wp-content\/uploads\/2022\/06\/Nasui-Daniel-scaled-e1654338950890-768x1024.jpg 768w, https:\/\/dcb.cunbm.utcluj.ro\/wp-content\/uploads\/2022\/06\/Nasui-Daniel-scaled-e1654338950890-1152x1536.jpg 1152w, https:\/\/dcb.cunbm.utcluj.ro\/wp-content\/uploads\/2022\/06\/Nasui-Daniel-scaled-e1654338950890-1536x2048.jpg 1536w\" sizes=\"auto, (max-width: 150px) 100vw, 150px\" \/><\/td><td class=\"has-text-align-center\" data-align=\"center\">\u0218ef lucr.dr. Nasui Daniel<\/td><td>&#8211; Geografie, <br>&#8211; Stiin\u021ba mediului<\/td><td class=\"has-text-align-center\" data-align=\"center\"><a href=\"https:\/\/dcb.cunbm.utcluj.ro\/wp-content\/uploads\/2022\/06\/CV-Nasui-Daniel.pdf\" target=\"_blank\" rel=\"noreferrer noopener\">CV&nbsp;<\/a><\/td><\/tr><tr><td>&nbsp;<\/td><td class=\"has-text-align-center\" data-align=\"center\">\u0218ef lucr.dr. Pop Flavia Maria<\/td><td>&#8211; Controlul \u0219i expertiza produselor alimentare <br>&#8211; Protec\u021bia consumatorilor <br>&#8211; Tehnologia mor\u0103ritului<\/td><td class=\"has-text-align-center\" data-align=\"center\"><a href=\"https:\/\/dcb.cunbm.utcluj.ro\/wp-content\/uploads\/2022\/06\/CV-Pop-Flavia.pdf\" target=\"_blank\" rel=\"noreferrer noopener\">CV&nbsp;<\/a><\/td><\/tr><tr><td>&nbsp;<img loading=\"lazy\" decoding=\"async\" width=\"150\" height=\"191\" class=\"wp-image-68\" style=\"width: 150px;\" src=\"https:\/\/dcb.cunbm.utcluj.ro\/wp-content\/uploads\/2022\/06\/Dumuta-Anca-Marieta.jpg\" alt=\"\" srcset=\"https:\/\/dcb.cunbm.utcluj.ro\/wp-content\/uploads\/2022\/06\/Dumuta-Anca-Marieta.jpg 628w, https:\/\/dcb.cunbm.utcluj.ro\/wp-content\/uploads\/2022\/06\/Dumuta-Anca-Marieta-236x300.jpg 236w\" sizes=\"auto, (max-width: 150px) 100vw, 150px\" \/><\/td><td class=\"has-text-align-center\" data-align=\"center\">\u0218ef lucr.dr. Dumu\u021ba Anca<\/td><td>&#8211; Analiza cromatografic\u0103 a alimentelor \u0219i a produselor farmaceutice <br>&#8211; Analiza prin spectrometrie de absorb\u021bie molecular\u0103 UV-VIZ <br>&#8211; Analiza poluan\u021bilor din mediu (ap\u0103, aer, sol)<\/td><td class=\"has-text-align-center\" data-align=\"center\"><a href=\"https:\/\/dcb.cunbm.utcluj.ro\/wp-content\/uploads\/2022\/06\/CV-Dumuta-Anca.pdf\" target=\"_blank\" rel=\"noreferrer noopener\">CV&nbsp;<\/a><\/td><\/tr><tr><td>&nbsp;<\/td><td class=\"has-text-align-center\" data-align=\"center\">\u0218ef lucr.dr. Vo\u0219gan Zorica<\/td><td>&#8211; Microbiologie speciala <br>&#8211; Igiena si inocuitatea produselor alimentare <br>&#8211; Monitoringul mediului<\/td><td class=\"has-text-align-center\" data-align=\"center\">&nbsp;<a href=\"https:\/\/dcb.cunbm.utcluj.ro\/wp-content\/uploads\/2022\/06\/CV-Vosgan-Zorica.pdf\" target=\"_blank\" rel=\"noreferrer noopener\">CV<\/a><\/td><\/tr><tr><td><img loading=\"lazy\" decoding=\"async\" width=\"150\" height=\"187\" class=\"wp-image-196\" style=\"width: 150px;\" src=\"https:\/\/dcb.cunbm.utcluj.ro\/wp-content\/uploads\/2022\/06\/poza.jpg\" alt=\"\" srcset=\"https:\/\/dcb.cunbm.utcluj.ro\/wp-content\/uploads\/2022\/06\/poza.jpg 410w, https:\/\/dcb.cunbm.utcluj.ro\/wp-content\/uploads\/2022\/06\/poza-241x300.jpg 241w\" sizes=\"auto, (max-width: 150px) 100vw, 150px\" \/><\/td><td class=\"has-text-align-center\" data-align=\"center\">Asist.univ.dr. Pruteanu Lavinia-Lorena<\/td><td><\/td><td class=\"has-text-align-center\" data-align=\"center\"><a href=\"https:\/\/dcb.cunbm.utcluj.ro\/wp-content\/uploads\/2022\/08\/CV_RO_f.pdf\" target=\"_blank\" rel=\"noreferrer noopener\">CV<\/a>&nbsp;<\/td><\/tr><\/tbody><\/table><\/figure>\n","protected":false},"excerpt":{"rendered":"<p>Poza Numele si prenumele cadrului didactic Domeniul de interes CV &nbsp; Prof.univ.dr.ing.hab. Mihaly Cozmu\u021ba Anca &#8211; Ambalaje alimentare active&#8211; Alimente func\u021bionale &#8211; Tehnologia panifica\u021biei&#8211; Trasabilitatea contaminan\u021bilor chimici pe lan\u021bul alimentar &nbsp;CV Prof.univ.dr.hab.Peter Anca &#8211; Caracterizare si aplicatii ale materialelor nanostructurate pe baza de TiO2 &#8211; Ambalaje active &nbsp;CV Prof.univ.dr.ing.hab. Giurgiulescu Liviu -Biotehnologii alimentare -Technologii fermentative-Extragerea &hellip; <\/p>\n<p class=\"link-more\"><a href=\"https:\/\/dcb.cunbm.utcluj.ro\/?page_id=64\" class=\"more-link\">Continue reading<span class=\"screen-reader-text\"> &#8220;Cadre didactice&#8221;<\/span><\/a><\/p>\n","protected":false},"author":1,"featured_media":0,"parent":0,"menu_order":0,"comment_status":"closed","ping_status":"closed","template":"","meta":{"footnotes":""},"class_list":["post-64","page","type-page","status-publish","hentry"],"_links":{"self":[{"href":"https:\/\/dcb.cunbm.utcluj.ro\/index.php?rest_route=\/wp\/v2\/pages\/64","targetHints":{"allow":["GET"]}}],"collection":[{"href":"https:\/\/dcb.cunbm.utcluj.ro\/index.php?rest_route=\/wp\/v2\/pages"}],"about":[{"href":"https:\/\/dcb.cunbm.utcluj.ro\/index.php?rest_route=\/wp\/v2\/types\/page"}],"author":[{"embeddable":true,"href":"https:\/\/dcb.cunbm.utcluj.ro\/index.php?rest_route=\/wp\/v2\/users\/1"}],"replies":[{"embeddable":true,"href":"https:\/\/dcb.cunbm.utcluj.ro\/index.php?rest_route=%2Fwp%2Fv2%2Fcomments&post=64"}],"version-history":[{"count":19,"href":"https:\/\/dcb.cunbm.utcluj.ro\/index.php?rest_route=\/wp\/v2\/pages\/64\/revisions"}],"predecessor-version":[{"id":342,"href":"https:\/\/dcb.cunbm.utcluj.ro\/index.php?rest_route=\/wp\/v2\/pages\/64\/revisions\/342"}],"wp:attachment":[{"href":"https:\/\/dcb.cunbm.utcluj.ro\/index.php?rest_route=%2Fwp%2Fv2%2Fmedia&parent=64"}],"curies":[{"name":"wp","href":"https:\/\/api.w.org\/{rel}","templated":true}]}}